{"id":10,"date":"2021-11-22T11:46:17","date_gmt":"2021-11-22T11:46:17","guid":{"rendered":"https:\/\/flex-ton.de\/?page_id=10"},"modified":"2026-01-30T22:07:09","modified_gmt":"2026-01-30T20:07:09","slug":"ueber-flex-ton","status":"publish","type":"page","link":"https:\/\/flex-ton.de\/?page_id=10","title":{"rendered":"Flex-Story"},"content":{"rendered":"\n<p><a href=\"https:\/\/flex-ton.de\/?page_id=98\" data-type=\"URL\" data-id=\"https:\/\/flex-ton.de\/?page_id=98\">English<\/a><\/p>\n\n\n\n<p>Zum Verlag:<\/p>\n\n\n\n<p>Nach mehr als 25 Jahren harter, aber gerechter Ausbildung bei Indie-Verleger-Legende Walter Holzbaur und dessen Wintrup Musikverlag ist es Anfang 2021 f\u00fcr Marcus B\u00fcnte an der Zeit, mehr Verantwortung zu tragen und auf eigenen unternehmerischen Beinen zu stehen. Er \u00fcbernimmt den zuvor bei Wintrup angedockten, traditionsreichen Flex-Ton Katalog aus den 80er Jahren und gr\u00fcndet die nagelneue Flex-Ton Musikverlag GmbH, mit der er seither aus dem B\u00fcro in der ostwestf\u00e4lischen Hansestadt und Handballmetropole Lemgo neben den eigenen Flex-Ton Themen auch weiterhin die Administration f\u00fcr den Wintrup Musikverlag betreut. <\/p>\n\n\n\n<p>Flex-Ton soll ganz namenskonform f\u00fcr einen flexiblen und absolut ma\u00dfgeschneiderten Service f\u00fcr&nbsp;alle Urheber und Partner stehen. Denn im (leider) schon lange marktdominanten Streben der Gro\u00dfverlage&nbsp;nach millionenschweren Akquisitionen und fondsfinanzierten Megadeals sollte man vielleicht den&nbsp;eigentlichen Sinn und Zweck des Musikverlagswesens nicht ganz aus den Augen verlieren. Urheber\/-innen&nbsp;legen ihr kostbarstes Gut, ihren kreativen Output, in die H\u00e4nde eines Verlegers. Entsprechend hat bei&nbsp;Flex-Ton von Tag 1 an der pers\u00f6nliche Kontakt und die individuelle Betreuung oberste Priorit\u00e4t und der&nbsp;Fokus liegt auf einer entsprechend zielgerichteten und aktiven Arbeit f\u00fcr die vertretenen Copyrights. Um es kurz zu fassen:<\/p>\n\n\n\n<p>FLEXIBEL-PERS\u00d6NLICH-QUALIT\u00c4T STATT QUANTIT\u00c4T-(PRO-)AKTIV-URHEBER FIRST-MITTENDRIN STATT NUR DABEI!<\/p>\n\n\n\n<p>Und das in allen Bereichen des \u201eBusiness\u201c mit&nbsp;eigener Inhouse-Radio\/TV-Promo und Beratung in (fast) jeder Lebenslage.<\/p>\n\n\n\n<p>Erste Signings sind gro\u00dfartige K\u00fcnstler wie die Band Hotel Rimini aus Leipzig, die Lieferanten aus M\u00fcnster oder der Hamburger Singer\/Songwriter M.Byrd, die\u00a0Edition TPS der ebenso gro\u00dfartigen und bei Wintrup verlegten Kieler #1 Band Leoniden, der Dartmoor\u00a0Katalog der US-Amerikanerin Margo Guryan (\u201eSunday Mornin\u2018\u201c) und\u00a0zahlreiche weitere Werke\/Werkanteile von Gisbert zu Knyphausen, Husten, Woods Of Birnam u.a.<\/p>\n\n\n\n<p>Neben der Partnerschaft mit Wintrup besteht auch eine feste Co-Verlags- und Administrationsbeziehung mit\u00a0dem Summen &amp; Score Musikverlag von Musiker, Urheber &amp; Staatsakt Labelmacher Maurice Summen, die dessen eigene Werke\/Werkanteile f\u00fcr etablierte K\u00fcnstler wie\u00a0Deichkind, Fettes Brot oder seine Band Die T\u00fcren, Soloprojekte und &#8211; unabh\u00e4ngig davon &#8211; auch schlicht &amp; einfach tolle andere Bands und\u00a0Urheber*innen wie International Music, D\u00fcsseldorf D\u00fcsterboys, Nitsch, Girlwoman oder Die Kerzen umfasst.<\/p>\n\n\n\n<figure class=\"wp-block-image aligncenter size-medium is-style-rounded\"><img loading=\"lazy\" decoding=\"async\" width=\"223\" height=\"300\" src=\"https:\/\/flex-ton.de\/wp-content\/uploads\/2021\/11\/IMG_E5105-223x300.jpg\" alt=\"\" class=\"wp-image-112\" srcset=\"https:\/\/flex-ton.de\/wp-content\/uploads\/2021\/11\/IMG_E5105-223x300.jpg 223w, https:\/\/flex-ton.de\/wp-content\/uploads\/2021\/11\/IMG_E5105-760x1024.jpg 760w, https:\/\/flex-ton.de\/wp-content\/uploads\/2021\/11\/IMG_E5105-768x1035.jpg 768w, https:\/\/flex-ton.de\/wp-content\/uploads\/2021\/11\/IMG_E5105-1140x1536.jpg 1140w, https:\/\/flex-ton.de\/wp-content\/uploads\/2021\/11\/IMG_E5105-1519x2048.jpg 1519w, https:\/\/flex-ton.de\/wp-content\/uploads\/2021\/11\/IMG_E5105-scaled.jpg 1899w\" sizes=\"auto, (max-width: 223px) 100vw, 223px\" \/><\/figure>\n\n\n\n<p>Zur Person:<\/p>\n\n\n\n<p>Marcus B\u00fcnte, gelernter Industriekaufmann, versuchter BWL Student, ehemaliger Top40 Gitarrist, DJ Bernd Udo Ente, verheiratet, zwei T\u00f6chter, zwei Hunde, bei Wintrup A&amp;R, Promotion-Leitung und schlie\u00dflich&nbsp;General Management und dabei auf die ein oder andere Art und Weise involviert in K\u00fcnstlerkarrieren von&nbsp;Rosenstolz bis Wir sind Helden, Notwist bis Leoniden, Olli Schulz bis Gisbert zu Knyphausen, D.A.F. bis E.A.V., David Guetta bis&nbsp;Deine Freunde, Boy bis Bilderbuch, von K\u00e4ptn Peng nebst Tentakeln, Gloria, lilly among clouds und vielen&nbsp;anderen mehr. Seit Mai 2023 gew\u00e4hlter GEMA Delegierter der au\u00dferordentlichen Mitglieder in der Kurie der Verlage.  <\/p>\n","protected":false},"excerpt":{"rendered":"<p>English Zum Verlag: Nach mehr als 25 Jahren harter, aber gerechter Ausbildung bei Indie-Verleger-Legende Walter Holzbaur und dessen Wintrup Musikverlag ist es Anfang 2021 f\u00fcr Marcus B\u00fcnte an der Zeit, mehr Verantwortung zu tragen und auf eigenen unternehmerischen Beinen zu stehen. Er \u00fcbernimmt den zuvor bei Wintrup angedockten, traditionsreichen Flex-Ton Katalog aus den 80er Jahren [&hellip;]<\/p>\n","protected":false},"author":1,"featured_media":0,"parent":0,"menu_order":0,"comment_status":"closed","ping_status":"closed","template":"","meta":{"site-sidebar-layout":"default","site-content-layout":"","ast-site-content-layout":"default","site-content-style":"default","site-sidebar-style":"default","ast-global-header-display":"","ast-banner-title-visibility":"","ast-main-header-display":"","ast-hfb-above-header-display":"","ast-hfb-below-header-display":"","ast-hfb-mobile-header-display":"","site-post-title":"","ast-breadcrumbs-content":"","ast-featured-img":"","footer-sml-layout":"","ast-disable-related-posts":"","theme-transparent-header-meta":"","adv-header-id-meta":"","stick-header-meta":"","header-above-stick-meta":"","header-main-stick-meta":"","header-below-stick-meta":"","astra-migrate-meta-layouts":"set","ast-page-background-enabled":"default","ast-page-background-meta":{"desktop":{"background-color":"var(--ast-global-color-4)","background-image":"","background-repeat":"repeat","background-position":"center center","background-size":"auto","background-attachment":"scroll","background-type":"","background-media":"","overlay-type":"","overlay-color":"","overlay-opacity":"","overlay-gradient":""},"tablet":{"background-color":"","background-image":"","background-repeat":"repeat","background-position":"center center","background-size":"auto","background-attachment":"scroll","background-type":"","background-media":"","overlay-type":"","overlay-color":"","overlay-opacity":"","overlay-gradient":""},"mobile":{"background-color":"","background-image":"","background-repeat":"repeat","background-position":"center center","background-size":"auto","background-attachment":"scroll","background-type":"","background-media":"","overlay-type":"","overlay-color":"","overlay-opacity":"","overlay-gradient":""}},"ast-content-background-meta":{"desktop":{"background-color":"var(--ast-global-color-5)","background-image":"","background-repeat":"repeat","background-position":"center center","background-size":"auto","background-attachment":"scroll","background-type":"","background-media":"","overlay-type":"","overlay-color":"","overlay-opacity":"","overlay-gradient":""},"tablet":{"background-color":"var(--ast-global-color-5)","background-image":"","background-repeat":"repeat","background-position":"center center","background-size":"auto","background-attachment":"scroll","background-type":"","background-media":"","overlay-type":"","overlay-color":"","overlay-opacity":"","overlay-gradient":""},"mobile":{"background-color":"var(--ast-global-color-5)","background-image":"","background-repeat":"repeat","background-position":"center center","background-size":"auto","background-attachment":"scroll","background-type":"","background-media":"","overlay-type":"","overlay-color":"","overlay-opacity":"","overlay-gradient":""}},"footnotes":""},"class_list":["post-10","page","type-page","status-publish","hentry"],"_links":{"self":[{"href":"https:\/\/flex-ton.de\/index.php?rest_route=\/wp\/v2\/pages\/10","targetHints":{"allow":["GET"]}}],"collection":[{"href":"https:\/\/flex-ton.de\/index.php?rest_route=\/wp\/v2\/pages"}],"about":[{"href":"https:\/\/flex-ton.de\/index.php?rest_route=\/wp\/v2\/types\/page"}],"author":[{"embeddable":true,"href":"https:\/\/flex-ton.de\/index.php?rest_route=\/wp\/v2\/users\/1"}],"replies":[{"embeddable":true,"href":"https:\/\/flex-ton.de\/index.php?rest_route=%2Fwp%2Fv2%2Fcomments&post=10"}],"version-history":[{"count":26,"href":"https:\/\/flex-ton.de\/index.php?rest_route=\/wp\/v2\/pages\/10\/revisions"}],"predecessor-version":[{"id":710,"href":"https:\/\/flex-ton.de\/index.php?rest_route=\/wp\/v2\/pages\/10\/revisions\/710"}],"wp:attachment":[{"href":"https:\/\/flex-ton.de\/index.php?rest_route=%2Fwp%2Fv2%2Fmedia&parent=10"}],"curies":[{"name":"wp","href":"https:\/\/api.w.org\/{rel}","templated":true}]}}