{"id":3,"date":"2021-11-21T12:06:59","date_gmt":"2021-11-21T12:06:59","guid":{"rendered":"https:\/\/flex-ton.de\/?page_id=3"},"modified":"2021-11-23T11:29:20","modified_gmt":"2021-11-23T11:29:20","slug":"privacy-policy","status":"publish","type":"page","link":"https:\/\/flex-ton.de\/?page_id=3","title":{"rendered":"DATENSCHUTZERKL\u00c4RUNG"},"content":{"rendered":"\n<p>Ihre Daten werden im Rahmen der gesetzlichen Vorgaben gesch\u00fctzt. Nachfolgend finden Sie Informationen, welche Daten w\u00e4hrend Ihres Besuchs auf der Internetseite erfasst, und wie diese genutzt werden:<\/p>\n\n\n\n<p><strong>1. Erhebung und Verarbeitung von Daten<\/strong><br>In Verbindung mit Ihrem Zugriff auf dieses Internetangebot und bei jedem Abruf einer Datei werden Daten \u00fcber diesen Vorgang in einer Protokolldatei gespeichert und verarbeitet.<br>Im Einzelnen werden \u00fcber jeden Zugriff\/Abruf folgende Daten gespeichert:<br>\u2022 Name der abgerufenen Datei,<br>\u2022 Datum und Uhrzeit des Abrufs,<br>\u2022 \u00fcbertragene Datenmenge,<br>\u2022 Meldung, ob der Abruf erfolgreich war,<br>\u2022 IP-Adresse des anfragenden Rechners,<br>\u2022 Webbrowser<br>Diese Daten werden ausschlie\u00dflich zur Optimierung des Internetangebotes und f\u00fcr statistische Zwecke ausgewertet. Personenbezogene Daten werden von uns nur in dem Umfang verarbeitet und nur so lange gespeichert, wie es f\u00fcr den jeweiligen Zweck, zu dem die Daten erhoben wurden, erforderlich ist.<\/p>\n\n\n\n<p><strong>2. Weitergabe<\/strong>\u00a0<strong>personenbezogener Daten<\/strong><br>Daten, die beim Zugriff auf das Internetangebot der Flex-Ton Musikverlag GmbH protokolliert worden sind, werden an Dritte nur \u00fcbermittelt, soweit die Weitergabe im Falle von Angriffen auf die Internetinfrastruktur der Flex-Ton Musikverlag GmbH zur Rechts- und Strafverfolgung erforderlich ist. Eine Weitergabe zu anderen, nichtkommerziellen oder zu kommerziellen Zwecken erfolgt nicht. Soweit Sie uns personenbezogene Daten zur Verf\u00fcgung gestellt haben, behandeln wir diese Daten vertraulich. Ihre Daten werden von uns an Dritte nur weitergegeben, wenn Sie zuvor ausdr\u00fccklich eingewilligt haben. Sie k\u00f6nnen eine erteilte Einwilligung jederzeit mit Wirkung f\u00fcr die Zukunft widerrufen. Die L\u00f6schung der gespeicherten personenbezogenen Daten erfolgt, wenn ihre Kenntnis zur Erf\u00fcllung des mit der Speicherung verfolgten Zwecks nicht mehr erforderlich ist oder Sie Ihre Einwilligung zur Speicherung widerrufen.<\/p>\n\n\n\n<p><strong>3. Einsatz von Cookies<\/strong><br>Beim Aufruf einzelner Seiten kommen sogenannte Cookies zum Einsatz. Cookies sind kleine Textdateien, die auf Ihrem Rechner abgelegt werden und die Ihr Browser speichert. Diese Cookies enthalten keine personenbezogenen Daten, sondern lediglich eine Session-ID. Diese Session-ID wird f\u00fcr die Kommunikation zwischen Ihrem Rechner und unserem Web-Server verwendet. Die meisten Browser sind so eingestellt, dass sie Cookies automatisch akzeptieren. Sie k\u00f6nnen das Speichern von Cookies jedoch deaktivieren oder Ihren Browser so einstellen, dass Cookies nur f\u00fcr die Dauer der jeweiligen Verbindung zum Internet gespeichert werden. Techniken, wie zum Beispiel Java-Applets oder Active-X-Controls, die es erm\u00f6glichen, das Zugriffsverhalten der Nutzer nachzuvollziehen, werden nicht eingesetzt.<\/p>\n\n\n\n<p><strong>4. Links zu Internetseiten anderer Unternehmen<\/strong><br>Unser Internet-Auftritt enth\u00e4lt Links zu Internetseiten anderer Unternehmen. Wir haben keinen Einfluss darauf, dass diese Unternehmen die Datenschutzbestimmungen einhalten.<\/p>\n\n\n\n<p><strong>5. Auskunftsrecht<\/strong><br>Als Nutzer des von der Flex-Ton Musikverlag GmbH bereitgestellten Internetangebotes haben Sie das Recht, Auskunft \u00fcber Art und Umfang der bei Ihrem Besuch auf der Internetseite zu Ihrer Person gespeicherten Daten zu erhalten. Auskunft \u00fcber die gespeicherten Daten gibt es unter&nbsp;<a href=\"mailto:info@flex-ton.de\">info@flex-ton.de<\/a>.<\/p>\n\n\n\n<p><strong>6. Weitere Informatione<\/strong>n<br>Bei Fragen und Anregungen zu dieser Datenschutzerkl\u00e4rung sowie f\u00fcr weitere Informationen in Bezug auf die Behandlung von personenbezogenen Daten bei der Flex-Ton Musikverlag GmbH wenden Sie Sich bitte ebenfalls an <a href=\"mailto:info@flex-ton.de\">info@flex-ton.de<\/a>.<\/p>\n\n\n\n<p><strong>7. Kommunikation per E-Mail<\/strong><br>Wir weisen darauf hin, dass die Kommunikation per E-Mail Sicherheitsl\u00fccken aufweisen kann. E-Mails k\u00f6nnen von versierten Internet-Nutzern aufgehalten und eingesehen werden. Bei der Kommunikation per E-Mail kann die vollst\u00e4ndige Datensicherheit von uns daher nicht gew\u00e4hrleistet werden. Sollte die Flex-Ton Musikverlag GmbH eine E-Mail von Ihnen erhalten, so wird davon ausgegangen, dass wir auch zu einer Beantwortung per E-Mail berechtigt sind. Ansonsten bitten wir Sie, eine andere Form der Kommunikation (z. B. \u00fcber den Postweg) in Betracht zu ziehen.<\/p>\n\n\n\n<p><strong>8. Verwendung von Google Analytics<\/strong><br>Diese Website benutzt Google Analytics, einen Webanalysedienst der Google Inc. (\u201eGoogle\u201c). Google Analytics verwendet sog. \u201eCookies\u201c, Textdateien, die auf Ihrem Computer gespeichert werden und die eine Analyse der Benutzung der Website durch Sie erm\u00f6glichen. Die durch den Cookie erzeugten Informationen \u00fcber Ihre Benutzung dieser Website werden in der Regel an einen Server von Google in den USA \u00fcbertragen und dort gespeichert. Im Falle der Aktivierung der IP-Anonymisierung auf dieser Webseite, wird Ihre IP-Adresse von Google jedoch innerhalb von Mitgliedstaaten der Europ\u00e4ischen Union oder in anderen Vertragsstaaten des Abkommens \u00fcber den Europ\u00e4ischen Wirtschaftsraum zuvor gek\u00fcrzt. Nur in Ausnahmef\u00e4llen wird die volle IP-Adresse an einen Server von Google in den USA \u00fcbertragen und dort gek\u00fcrzt. Im Auftrag des Betreibers dieser Website wird Google diese Informationen benutzen, um Ihre Nutzung der Website auszuwerten, um Reports \u00fcber die Websiteaktivit\u00e4ten zusammenzustellen und um weitere mit der Websitenutzung und der Internetnutzung verbundene Dienstleistungen gegen\u00fcber dem Websitebetreiber zu erbringen. Die im Rahmen von Google Analytics von Ihrem Browser \u00fcbermittelte IP-Adresse wird nicht mit anderen Daten von Google zusammengef\u00fchrt. Sie k\u00f6nnen die Speicherung der Cookies durch eine entsprechende Einstellung Ihrer Browser-Software verhindern; wir weisen Sie jedoch darauf hin, dass Sie in diesem Fall gegebenenfalls nicht s\u00e4mtliche Funktionen dieser Website vollumf\u00e4nglich werden nutzen k\u00f6nnen.<\/p>\n\n\n\n<p><strong>9. \u00dcbermittlungen in Drittl\u00e4nder<\/strong><br>Sofern wir Daten in einem Drittland (d.h. au\u00dferhalb der Europ\u00e4ischen Union (EU) oder des Europ\u00e4ischen Wirtschaftsraums (EWR)) verarbeiten oder dies im Rahmen der Inanspruchnahme von Diensten Dritter oder Offenlegung, bzw. \u00dcbermittlung von Daten an Dritte geschieht, erfolgt dies nur, wenn es zur Erf\u00fcllung unserer (vor-)vertraglichen Pflichten, auf Grundlage Ihrer Einwilligung, aufgrund einer rechtlichen Verpflichtung oder auf Grundlage unserer berechtigten Interessen geschieht. Vorbehaltlich gesetzlicher oder vertraglicher Erlaubnisse, verarbeiten oder lassen wir die Daten in einem Drittland nur beim Vorliegen der besonderen Voraussetzungen der Art. 44 ff. DSGVO verarbeiten. D.h. die Verarbeitung erfolgt z.B. auf Grundlage besonderer Garantien, wie der offiziell anerkannten Feststellung eines der EU entsprechenden Datenschutzniveaus (z.B. f\u00fcr die USA durch das \u201ePrivacy Shield\u201c) oder Beachtung offiziell anerkannter spezieller vertraglicher Verpflichtungen (so genannte \u201eStandardvertragsklauseln\u201c).<\/p>\n\n\n\n<p><strong>10. Hosting<\/strong><br>Die von uns in Anspruch genommenen Hosting-Leistungen dienen der Zurverf\u00fcgungstellung der folgenden Leistungen: Infrastruktur- und Plattformdienstleistungen, Rechenkapazit\u00e4t, Speicherplatz und Datenbankdienste, Sicherheitsleistungen sowie technische Wartungsleistungen, die wir zum Zwecke des Betriebs dieses Onlineangebotes einsetzen. Hierbei verarbeiten wir, bzw. unser Hostinganbieter Bestandsdaten, Kontaktdaten, Inhaltsdaten, Vertragsdaten, Nutzungsdaten, Meta- und Kommunikationsdaten von Kunden, Interessenten und Besuchern dieses Onlineangebotes auf Grundlage unserer berechtigten Interessen an einer effizienten und sicheren Zurverf\u00fcgungstellung dieses Onlineangebotes gem. Art. 6 Abs. 1 lit. f DSGVO i.V.m. Art. 28 DSGVO (Abschluss Auftragsverarbeitungsvertrag).<\/p>\n\n\n\n<p><strong>11. Newsletter<\/strong><br>Mit den nachfolgenden Hinweisen informieren wir Sie \u00fcber die Inhalte unseres Newsletters sowie das Anmelde-, Versand- und das statistische Auswertungsverfahren sowie Ihre Widerspruchsrechte. Indem Sie unseren Newsletter nicht abbestellen, erkl\u00e4ren Sie sich mit dem Empfang und den beschriebenen Verfahren einverstanden. Wir versenden Newsletter, E-Mails und weitere elektronische Benachrichtigungen mit werblichen Informationen (nachfolgend \u201eNewsletter\u201c) nur bei Tolerierung der Empf\u00e4nger oder einer gesetzlichen Erlaubnis. Unsere Newsletter enthalten aktuelle Informationen zur Flex-Ton Musikverlag GmbH und der durch sie vertretenen K\u00fcnstler\/Urheber. \u00c4nderungen Ihrer bei dem Versanddienstleister gespeicherten Daten werden protokolliert. Unser Interesse richtet sich auf den Einsatz eines nutzerfreundlichen sowie sicheren Newslettersystems, das sowohl unseren gesch\u00e4ftlichen Interessen dient, als auch den Erwartungen der Nutzer entspricht. K\u00fcndigung\/Widerruf:&nbsp; sie k\u00f6nnen den Empfang unseres Newsletters jederzeit k\u00fcndigen, d.h. Ihre Einwilligungen widerrufen. Einen Hinweis zur K\u00fcndigung des Newsletters finden Sie am Ende eines jeden Newsletters. Wir k\u00f6nnen die ausgetragenen E-Mailadressen bis zu drei Jahren auf Grundlage unserer berechtigten Interessen speichern bevor wir sie f\u00fcr Zwecke des Newsletterversandes l\u00f6schen. Die Verarbeitung dieser Daten wird auf den Zweck einer m\u00f6glichen Abwehr von Anspr\u00fcchen beschr\u00e4nkt. Ein individueller L\u00f6schungsantrag ist jederzeit m\u00f6glich.<\/p>\n\n\n\n<p><strong>12. Youtube<\/strong><br>Wir binden die Videos der Plattform \u201cYouTube\u201d des Anbieters Google LLC, 1600 Amphitheatre Parkway, Mountain View, CA 94043, USA, ein. Datenschutzerkl\u00e4rung: https:\/\/www.google.com\/policies\/privacy\/, Opt-Out: https:\/\/adssettings.google.com\/authenticated.<\/p>\n","protected":false},"excerpt":{"rendered":"<p>Ihre Daten werden im Rahmen der gesetzlichen Vorgaben gesch\u00fctzt. Nachfolgend finden Sie Informationen, welche Daten w\u00e4hrend Ihres Besuchs auf der Internetseite erfasst, und wie diese genutzt werden: 1. Erhebung und Verarbeitung von DatenIn Verbindung mit Ihrem Zugriff auf dieses Internetangebot und bei jedem Abruf einer Datei werden Daten \u00fcber diesen Vorgang in einer Protokolldatei gespeichert [&hellip;]<\/p>\n","protected":false},"author":1,"featured_media":0,"parent":0,"menu_order":0,"comment_status":"closed","ping_status":"open","template":"","meta":{"site-sidebar-layout":"default","site-content-layout":"","ast-site-content-layout":"default","site-content-style":"default","site-sidebar-style":"default","ast-global-header-display":"","ast-banner-title-visibility":"","ast-main-header-display":"","ast-hfb-above-header-display":"","ast-hfb-below-header-display":"","ast-hfb-mobile-header-display":"","site-post-title":"","ast-breadcrumbs-content":"","ast-featured-img":"","footer-sml-layout":"","ast-disable-related-posts":"","theme-transparent-header-meta":"","adv-header-id-meta":"","stick-header-meta":"","header-above-stick-meta":"","header-main-stick-meta":"","header-below-stick-meta":"","astra-migrate-meta-layouts":"default","ast-page-background-enabled":"default","ast-page-background-meta":{"desktop":{"background-color":"var(--ast-global-color-4)","background-image":"","background-repeat":"repeat","background-position":"center center","background-size":"auto","background-attachment":"scroll","background-type":"","background-media":"","overlay-type":"","overlay-color":"","overlay-opacity":"","overlay-gradient":""},"tablet":{"background-color":"","background-image":"","background-repeat":"repeat","background-position":"center center","background-size":"auto","background-attachment":"scroll","background-type":"","background-media":"","overlay-type":"","overlay-color":"","overlay-opacity":"","overlay-gradient":""},"mobile":{"background-color":"","background-image":"","background-repeat":"repeat","background-position":"center center","background-size":"auto","background-attachment":"scroll","background-type":"","background-media":"","overlay-type":"","overlay-color":"","overlay-opacity":"","overlay-gradient":""}},"ast-content-background-meta":{"desktop":{"background-color":"var(--ast-global-color-5)","background-image":"","background-repeat":"repeat","background-position":"center center","background-size":"auto","background-attachment":"scroll","background-type":"","background-media":"","overlay-type":"","overlay-color":"","overlay-opacity":"","overlay-gradient":""},"tablet":{"background-color":"var(--ast-global-color-5)","background-image":"","background-repeat":"repeat","background-position":"center center","background-size":"auto","background-attachment":"scroll","background-type":"","background-media":"","overlay-type":"","overlay-color":"","overlay-opacity":"","overlay-gradient":""},"mobile":{"background-color":"var(--ast-global-color-5)","background-image":"","background-repeat":"repeat","background-position":"center center","background-size":"auto","background-attachment":"scroll","background-type":"","background-media":"","overlay-type":"","overlay-color":"","overlay-opacity":"","overlay-gradient":""}},"footnotes":""},"class_list":["post-3","page","type-page","status-publish","hentry"],"_links":{"self":[{"href":"https:\/\/flex-ton.de\/index.php?rest_route=\/wp\/v2\/pages\/3","targetHints":{"allow":["GET"]}}],"collection":[{"href":"https:\/\/flex-ton.de\/index.php?rest_route=\/wp\/v2\/pages"}],"about":[{"href":"https:\/\/flex-ton.de\/index.php?rest_route=\/wp\/v2\/types\/page"}],"author":[{"embeddable":true,"href":"https:\/\/flex-ton.de\/index.php?rest_route=\/wp\/v2\/users\/1"}],"replies":[{"embeddable":true,"href":"https:\/\/flex-ton.de\/index.php?rest_route=%2Fwp%2Fv2%2Fcomments&post=3"}],"version-history":[{"count":5,"href":"https:\/\/flex-ton.de\/index.php?rest_route=\/wp\/v2\/pages\/3\/revisions"}],"predecessor-version":[{"id":102,"href":"https:\/\/flex-ton.de\/index.php?rest_route=\/wp\/v2\/pages\/3\/revisions\/102"}],"wp:attachment":[{"href":"https:\/\/flex-ton.de\/index.php?rest_route=%2Fwp%2Fv2%2Fmedia&parent=3"}],"curies":[{"name":"wp","href":"https:\/\/api.w.org\/{rel}","templated":true}]}}