{"id":9,"date":"2021-11-22T11:46:17","date_gmt":"2021-11-22T11:46:17","guid":{"rendered":"https:\/\/flex-ton.de\/?page_id=9"},"modified":"2021-11-24T10:10:15","modified_gmt":"2021-11-24T10:10:15","slug":"impressum","status":"publish","type":"page","link":"https:\/\/flex-ton.de\/?page_id=9","title":{"rendered":"Impressum"},"content":{"rendered":"\n<p>Flex-Ton Musikverlag GmbH &nbsp;<\/p>\n\n\n\n<p>Gesch\u00e4ftsf\u00fchrer:&nbsp; Marcus B\u00fcnte<\/p>\n\n\n\n<p>Herforder Stra\u00dfe 88<\/p>\n\n\n\n<p>32657&nbsp; Lemgo<\/p>\n\n\n\n<p>Telefon:  05261-80349-98<\/p>\n\n\n\n<p>Fax:  05261-80349-99<\/p>\n\n\n\n<p>e-Mail:  info(at)flex-ton.de<\/p>\n\n\n\n<p>Inhaltlich Verantwortlicher gem. \u00a7 10 Absatz 3 MDStV: &nbsp;Marcus B\u00fcnte<\/p>\n\n\n\n<p><br><strong>Haftungshinweis:<\/strong>\u00a0Trotz sorgf\u00e4ltiger inhaltlicher Kontrolle \u00fcbernehmen wir keine Haftung f\u00fcr die Inhalte externer Links. F\u00fcr den Inhalt der verlinkten Seiten sind ausschliesslich deren Betreiber verantwortlich. Es gelten die Vorschriften des deutschen Urheberrechts in seiner jeweiligen Fassung.\u00a0<\/p>\n\n\n\n<div class=\"wp-block-image is-style-rounded\"><figure class=\"aligncenter size-full is-resized\"><img loading=\"lazy\" decoding=\"async\" src=\"https:\/\/flex-ton.de\/wp-content\/uploads\/2021\/11\/Scheisse-2.jpg\" alt=\"\" class=\"wp-image-171\" width=\"500\" height=\"307\" srcset=\"https:\/\/flex-ton.de\/wp-content\/uploads\/2021\/11\/Scheisse-2.jpg 956w, https:\/\/flex-ton.de\/wp-content\/uploads\/2021\/11\/Scheisse-2-300x184.jpg 300w, https:\/\/flex-ton.de\/wp-content\/uploads\/2021\/11\/Scheisse-2-768x471.jpg 768w\" sizes=\"auto, (max-width: 500px) 100vw, 500px\" \/><\/figure><\/div>\n","protected":false},"excerpt":{"rendered":"<p>Flex-Ton Musikverlag GmbH &nbsp; Gesch\u00e4ftsf\u00fchrer:&nbsp; Marcus B\u00fcnte Herforder Stra\u00dfe 88 32657&nbsp; Lemgo Telefon: 05261-80349-98 Fax: 05261-80349-99 e-Mail: info(at)flex-ton.de Inhaltlich Verantwortlicher gem. \u00a7 10 Absatz 3 MDStV: &nbsp;Marcus B\u00fcnte Haftungshinweis:\u00a0Trotz sorgf\u00e4ltiger inhaltlicher Kontrolle \u00fcbernehmen wir keine Haftung f\u00fcr die Inhalte externer Links. F\u00fcr den Inhalt der verlinkten Seiten sind ausschliesslich deren Betreiber verantwortlich. Es gelten die [&hellip;]<\/p>\n","protected":false},"author":1,"featured_media":0,"parent":0,"menu_order":0,"comment_status":"closed","ping_status":"closed","template":"","meta":{"site-sidebar-layout":"default","site-content-layout":"","ast-site-content-layout":"default","site-content-style":"default","site-sidebar-style":"default","ast-global-header-display":"","ast-banner-title-visibility":"","ast-main-header-display":"","ast-hfb-above-header-display":"","ast-hfb-below-header-display":"","ast-hfb-mobile-header-display":"","site-post-title":"","ast-breadcrumbs-content":"","ast-featured-img":"","footer-sml-layout":"","ast-disable-related-posts":"","theme-transparent-header-meta":"","adv-header-id-meta":"","stick-header-meta":"","header-above-stick-meta":"","header-main-stick-meta":"","header-below-stick-meta":"","astra-migrate-meta-layouts":"default","ast-page-background-enabled":"default","ast-page-background-meta":{"desktop":{"background-color":"var(--ast-global-color-4)","background-image":"","background-repeat":"repeat","background-position":"center center","background-size":"auto","background-attachment":"scroll","background-type":"","background-media":"","overlay-type":"","overlay-color":"","overlay-opacity":"","overlay-gradient":""},"tablet":{"background-color":"","background-image":"","background-repeat":"repeat","background-position":"center center","background-size":"auto","background-attachment":"scroll","background-type":"","background-media":"","overlay-type":"","overlay-color":"","overlay-opacity":"","overlay-gradient":""},"mobile":{"background-color":"","background-image":"","background-repeat":"repeat","background-position":"center center","background-size":"auto","background-attachment":"scroll","background-type":"","background-media":"","overlay-type":"","overlay-color":"","overlay-opacity":"","overlay-gradient":""}},"ast-content-background-meta":{"desktop":{"background-color":"var(--ast-global-color-5)","background-image":"","background-repeat":"repeat","background-position":"center center","background-size":"auto","background-attachment":"scroll","background-type":"","background-media":"","overlay-type":"","overlay-color":"","overlay-opacity":"","overlay-gradient":""},"tablet":{"background-color":"var(--ast-global-color-5)","background-image":"","background-repeat":"repeat","background-position":"center center","background-size":"auto","background-attachment":"scroll","background-type":"","background-media":"","overlay-type":"","overlay-color":"","overlay-opacity":"","overlay-gradient":""},"mobile":{"background-color":"var(--ast-global-color-5)","background-image":"","background-repeat":"repeat","background-position":"center center","background-size":"auto","background-attachment":"scroll","background-type":"","background-media":"","overlay-type":"","overlay-color":"","overlay-opacity":"","overlay-gradient":""}},"footnotes":""},"class_list":["post-9","page","type-page","status-publish","hentry"],"_links":{"self":[{"href":"https:\/\/flex-ton.de\/index.php?rest_route=\/wp\/v2\/pages\/9","targetHints":{"allow":["GET"]}}],"collection":[{"href":"https:\/\/flex-ton.de\/index.php?rest_route=\/wp\/v2\/pages"}],"about":[{"href":"https:\/\/flex-ton.de\/index.php?rest_route=\/wp\/v2\/types\/page"}],"author":[{"embeddable":true,"href":"https:\/\/flex-ton.de\/index.php?rest_route=\/wp\/v2\/users\/1"}],"replies":[{"embeddable":true,"href":"https:\/\/flex-ton.de\/index.php?rest_route=%2Fwp%2Fv2%2Fcomments&post=9"}],"version-history":[{"count":9,"href":"https:\/\/flex-ton.de\/index.php?rest_route=\/wp\/v2\/pages\/9\/revisions"}],"predecessor-version":[{"id":173,"href":"https:\/\/flex-ton.de\/index.php?rest_route=\/wp\/v2\/pages\/9\/revisions\/173"}],"wp:attachment":[{"href":"https:\/\/flex-ton.de\/index.php?rest_route=%2Fwp%2Fv2%2Fmedia&parent=9"}],"curies":[{"name":"wp","href":"https:\/\/api.w.org\/{rel}","templated":true}]}}